{"id":60,"date":"2021-01-21T23:41:45","date_gmt":"2021-01-21T22:41:45","guid":{"rendered":"https:\/\/icfal.uh1.ac.ma\/?page_id=60"},"modified":"2021-10-06T10:20:04","modified_gmt":"2021-10-06T09:20:04","slug":"objectifs","status":"publish","type":"page","link":"https:\/\/icfal.uh1.ac.ma\/?page_id=60","title":{"rendered":"Objectifs"},"content":{"rendered":"\t\t<div data-elementor-type=\"wp-page\" data-elementor-id=\"60\" class=\"elementor elementor-60\">\n\t\t\t\t\t\t\t\t\t<section class=\"elementor-section elementor-top-section elementor-element elementor-element-5648b05e elementor-section-boxed elementor-section-height-default elementor-section-height-default\" data-id=\"5648b05e\" data-element_type=\"section\">\n\t\t\t\t\t\t<div class=\"elementor-container elementor-column-gap-default\">\n\t\t\t\t\t<div class=\"elementor-column elementor-col-100 elementor-top-column elementor-element elementor-element-50387c23\" data-id=\"50387c23\" data-element_type=\"column\">\n\t\t\t<div class=\"elementor-widget-wrap elementor-element-populated\">\n\t\t\t\t\t\t\t\t<div class=\"elementor-element elementor-element-4d9ce710 elementor-widget elementor-widget-text-editor\" data-id=\"4d9ce710\" data-element_type=\"widget\" data-widget_type=\"text-editor.default\">\n\t\t\t\t<div class=\"elementor-widget-container\">\n\t\t\t\t\t\t\t\n<h2><span style=\"color: #ec7303;\">Objectif \u00e9largi<\/span><\/h2>\n<p><strong>Accompagner la r\u00e9forme nationale en cours de mise en place du syst\u00e8me Bachelor \u00e0 travers l&#8217;instauration des Centres de Formation en Alternance (CFA) au niveau des Universit\u00e9s marocaines.<\/strong><\/p>\n<h2><span style=\"color: #ec7303;\">Objectifs sp\u00e9cifiques<\/span><\/h2>\n<ul>\n<li><strong>La mise en place de CFA op\u00e9rationnels jouant le r\u00f4le d&#8217;interface entre les \u00e9tablissements de l&#8217;enseignement sup\u00e9rieur et les branches professionnelles.<\/strong><\/li>\n<li><strong>Instaurer une d\u00e9marche contractuelle entre les formations professionnelles et les acteurs socio-\u00e9conomiques.<\/strong><\/li>\n<li><strong>Mettre \u00e0 disposition des CFA les outils n\u00e9cessaires pour leur bonne gouvernance.<\/strong><\/li>\n<\/ul>\t\t\t\t\t\t<\/div>\n\t\t\t\t<\/div>\n\t\t\t\t\t<\/div>\n\t\t<\/div>\n\t\t\t\t\t\t\t<\/div>\n\t\t<\/section>\n\t\t\t\t\t\t\t<\/div>\n\t\t","protected":false},"excerpt":{"rendered":"<p>Objectif \u00e9largi Accompagner la r\u00e9forme nationale en cours de mise en place du syst\u00e8me Bachelor \u00e0 travers l&#8217;instauration des Centres de Formation en Alternance (CFA) au niveau des Universit\u00e9s marocaines. [&hellip;]<\/p>\n","protected":false},"author":1,"featured_media":0,"parent":0,"menu_order":0,"comment_status":"closed","ping_status":"closed","template":"","meta":{"footnotes":""},"_links":{"self":[{"href":"https:\/\/icfal.uh1.ac.ma\/index.php?rest_route=\/wp\/v2\/pages\/60"}],"collection":[{"href":"https:\/\/icfal.uh1.ac.ma\/index.php?rest_route=\/wp\/v2\/pages"}],"about":[{"href":"https:\/\/icfal.uh1.ac.ma\/index.php?rest_route=\/wp\/v2\/types\/page"}],"author":[{"embeddable":true,"href":"https:\/\/icfal.uh1.ac.ma\/index.php?rest_route=\/wp\/v2\/users\/1"}],"replies":[{"embeddable":true,"href":"https:\/\/icfal.uh1.ac.ma\/index.php?rest_route=%2Fwp%2Fv2%2Fcomments&post=60"}],"version-history":[{"count":25,"href":"https:\/\/icfal.uh1.ac.ma\/index.php?rest_route=\/wp\/v2\/pages\/60\/revisions"}],"predecessor-version":[{"id":270,"href":"https:\/\/icfal.uh1.ac.ma\/index.php?rest_route=\/wp\/v2\/pages\/60\/revisions\/270"}],"wp:attachment":[{"href":"https:\/\/icfal.uh1.ac.ma\/index.php?rest_route=%2Fwp%2Fv2%2Fmedia&parent=60"}],"curies":[{"name":"wp","href":"https:\/\/api.w.org\/{rel}","templated":true}]}}